{"id":5,"date":"2023-07-16T23:22:20","date_gmt":"2023-07-16T21:22:20","guid":{"rendered":"https:\/\/bridge.pikus.pl\/?page_id=5"},"modified":"2023-07-20T22:25:52","modified_gmt":"2023-07-20T20:25:52","slug":"start","status":"publish","type":"page","link":"https:\/\/bridge.pikus.pl\/","title":{"rendered":"Start"},"content":{"rendered":"\n<p>Witam w prywatnym serwisiku o bryd\u017cu &#8220;po pikowemu\u201d, z ograniczonym dost\u0119pem i uprawnieniami indywidualnie nadawanymi. Zasadniczo, jest on przeznaczony dla moich Kole\u017canek i Koleg\u00f3w od stolika. Niestety, nie mo\u017cesz wnioskowa\u0107 o konto on\u2011line.Wszystkie zamieszczone tu materia\u0142y, dost\u0119pne po zalogowaniu, s\u0105 do wykorzystania i pobrania bez ogranicze\u0144, ani konieczno\u015bci powo\u0142ywania si\u0119 na pochodzenie. Dla porz\u0105dku, zwracam uwag\u0119 na to, \u017ce wi\u0119kszo\u015b\u0107 przedstawionych koncepcji czy ustale\u0144 nie jest mojego autorstwa, czerpa\u0142em z rozmaitych \u017ar\u00f3de\u0142, mniej lub bardziej je dostrajaj\u0105c lub usp\u00f3jniaj\u0105c. Rzadko precyzyjnie na te \u017ar\u00f3d\u0142a si\u0119 powo\u0142uj\u0119, g\u0142\u00f3wnie ze wzgl\u0119du na to, \u017ce cz\u0119sto nie s\u0105 one oczywiste, ale te\u017c i dlatego, \u017ce mog\u0119 nie pami\u0119ta\u0107 niekt\u00f3rych \u201cokoliczno\u015bci przyrody\u201d sprzed lat 40+.<br>Dzi\u0119ki za zainteresowanie i wyrozumia\u0142o\u015b\u0107.<\/p>\n","protected":false},"excerpt":{"rendered":"<p>Witam w prywatnym serwisiku o bryd\u017cu &#8220;po pikowemu\u201d, z ograniczonym dost\u0119pem i uprawnieniami indywidualnie nadawanymi. Zasadniczo, jest on przeznaczony dla moich Kole\u017canek i Koleg\u00f3w od stolika. Niestety, nie mo\u017cesz wnioskowa\u0107 o konto on\u2011line.Wszystkie zamieszczone tu materia\u0142y, dost\u0119pne po zalogowaniu, s\u0105 do wykorzystania i pobrania bez ogranicze\u0144, ani konieczno\u015bci powo\u0142ywania si\u0119 na pochodzenie. Dla porz\u0105dku, zwracam [&hellip;]<\/p>\n","protected":false},"author":1,"featured_media":0,"parent":0,"menu_order":0,"comment_status":"closed","ping_status":"closed","template":"","meta":{"_uag_custom_page_level_css":"","footnotes":""},"class_list":["post-5","page","type-page","status-publish","hentry","entry"],"uagb_featured_image_src":{"full":false,"thumbnail":false,"medium":false,"medium_large":false,"large":false,"1536x1536":false,"2048x2048":false,"ocean-thumb-m":false,"ocean-thumb-ml":false,"ocean-thumb-l":false},"uagb_author_info":{"display_name":"admin","author_link":"https:\/\/bridge.pikus.pl\/index.php\/author\/admin\/"},"uagb_comment_info":0,"uagb_excerpt":"Witam w prywatnym serwisiku o bryd\u017cu &#8220;po pikowemu\u201d, z ograniczonym dost\u0119pem i uprawnieniami indywidualnie nadawanymi. Zasadniczo, jest on przeznaczony dla moich Kole\u017canek i Koleg\u00f3w od stolika. Niestety, nie mo\u017cesz wnioskowa\u0107 o konto on\u2011line.Wszystkie zamieszczone tu materia\u0142y, dost\u0119pne po zalogowaniu, s\u0105 do wykorzystania i pobrania bez ogranicze\u0144, ani konieczno\u015bci powo\u0142ywania si\u0119 na pochodzenie. Dla porz\u0105dku, zwracam&hellip;","_links":{"self":[{"href":"https:\/\/bridge.pikus.pl\/index.php\/wp-json\/wp\/v2\/pages\/5","targetHints":{"allow":["GET"]}}],"collection":[{"href":"https:\/\/bridge.pikus.pl\/index.php\/wp-json\/wp\/v2\/pages"}],"about":[{"href":"https:\/\/bridge.pikus.pl\/index.php\/wp-json\/wp\/v2\/types\/page"}],"author":[{"embeddable":true,"href":"https:\/\/bridge.pikus.pl\/index.php\/wp-json\/wp\/v2\/users\/1"}],"replies":[{"embeddable":true,"href":"https:\/\/bridge.pikus.pl\/index.php\/wp-json\/wp\/v2\/comments?post=5"}],"version-history":[{"count":5,"href":"https:\/\/bridge.pikus.pl\/index.php\/wp-json\/wp\/v2\/pages\/5\/revisions"}],"predecessor-version":[{"id":83,"href":"https:\/\/bridge.pikus.pl\/index.php\/wp-json\/wp\/v2\/pages\/5\/revisions\/83"}],"wp:attachment":[{"href":"https:\/\/bridge.pikus.pl\/index.php\/wp-json\/wp\/v2\/media?parent=5"}],"curies":[{"name":"wp","href":"https:\/\/api.w.org\/{rel}","templated":true}]}}